{"id":238,"date":"2026-01-15T23:58:13","date_gmt":"2026-01-15T23:58:13","guid":{"rendered":"https:\/\/everythingandbeyondva.com\/?page_id=238"},"modified":"2026-03-19T12:11:08","modified_gmt":"2026-03-19T12:11:08","slug":"about-me","status":"publish","type":"page","link":"https:\/\/everythingandbeyondva.com\/index.php\/en\/about-me\/","title":{"rendered":"About me"},"content":{"rendered":"\t\t<div data-elementor-type=\"wp-page\" data-elementor-id=\"238\" class=\"elementor elementor-238\">\n\t\t\t\t<div class=\"elementor-element elementor-element-c6841cf e-flex e-con-boxed e-con e-parent\" data-id=\"c6841cf\" data-element_type=\"container\">\n\t\t\t\t\t<div class=\"e-con-inner\">\n\t\t\t\t<div class=\"elementor-element elementor-element-a600d4d elementor-widget elementor-widget-ekit-nav-menu\" data-id=\"a600d4d\" data-element_type=\"widget\" data-widget_type=\"ekit-nav-menu.default\">\n\t\t\t\t<div class=\"elementor-widget-container\">\n\t\t\t\t\t\t\t<nav class=\"ekit-wid-con ekit_menu_responsive_tablet\" \n\t\t\tdata-hamburger-icon=\"\" \n\t\t\tdata-hamburger-icon-type=\"icon\" \n\t\t\tdata-responsive-breakpoint=\"1024\">\n\t\t\t            <button class=\"elementskit-menu-hamburger elementskit-menu-toggler\"  type=\"button\" aria-label=\"hamburger-icon\">\n                                    <span class=\"elementskit-menu-hamburger-icon\"><\/span><span class=\"elementskit-menu-hamburger-icon\"><\/span><span class=\"elementskit-menu-hamburger-icon\"><\/span>\n                            <\/button>\n            <div id=\"ekit-megamenu-menu-en\" class=\"elementskit-menu-container elementskit-menu-offcanvas-elements elementskit-navbar-nav-default ekit-nav-menu-one-page-no ekit-nav-dropdown-hover\"><ul id=\"menu-menu-en\" class=\"elementskit-navbar-nav elementskit-menu-po-center submenu-click-on-icon\"><li id=\"menu-item-432\" class=\"menu-item menu-item-type-post_type menu-item-object-page menu-item-432 nav-item elementskit-mobile-builder-content\" data-vertical-menu=750px><a href=\"http:\/\/everythingandbeyondva.com\/index.php\/en\/home-eb\/\" class=\"ekit-menu-nav-link\">Home<\/a><\/li>\n<li id=\"menu-item-418\" class=\"menu-item menu-item-type-post_type menu-item-object-page menu-item-418 nav-item elementskit-mobile-builder-content\" data-vertical-menu=750px><a href=\"https:\/\/everythingandbeyondva.com\/index.php\/en\/about-me\/\" class=\"ekit-menu-nav-link\">About me<\/a><\/li>\n<li id=\"menu-item-421\" class=\"menu-item menu-item-type-post_type menu-item-object-page menu-item-421 nav-item elementskit-mobile-builder-content\" data-vertical-menu=750px><a href=\"https:\/\/everythingandbeyondva.com\/index.php\/en\/services-2\/\" class=\"ekit-menu-nav-link\">Services<\/a><\/li>\n<li id=\"menu-item-420\" class=\"menu-item menu-item-type-post_type menu-item-object-page menu-item-420 nav-item elementskit-mobile-builder-content\" data-vertical-menu=750px><a href=\"https:\/\/everythingandbeyondva.com\/index.php\/en\/packages-rates\/\" class=\"ekit-menu-nav-link\">Packages &amp; rates<\/a><\/li>\n<li id=\"menu-item-546\" class=\"menu-item menu-item-type-post_type menu-item-object-page menu-item-546 nav-item elementskit-mobile-builder-content\" data-vertical-menu=750px><a href=\"https:\/\/everythingandbeyondva.com\/index.php\/en\/contact-3\/\" class=\"ekit-menu-nav-link\">Contact<\/a><\/li>\n<li id=\"menu-item-422\" class=\"menu-item menu-item-type-custom menu-item-object-custom menu-item-422 nav-item elementskit-mobile-builder-content\" data-vertical-menu=750px><a href=\"#pll_switcher\" class=\"ekit-menu-nav-link\">Languages<\/a><\/li>\n<\/ul><div class=\"elementskit-nav-identity-panel\"><button class=\"elementskit-menu-close elementskit-menu-toggler\" type=\"button\">X<\/button><\/div><\/div>\t\t\t\n\t\t\t<div class=\"elementskit-menu-overlay elementskit-menu-offcanvas-elements elementskit-menu-toggler ekit-nav-menu--overlay\"><\/div>        <\/nav>\n\t\t\t\t\t\t<\/div>\n\t\t\t\t<\/div>\n\t\t\t\t\t<\/div>\n\t\t\t\t<\/div>\n\t\t<div class=\"elementor-element elementor-element-326d30c e-flex e-con-boxed e-con e-parent\" data-id=\"326d30c\" data-element_type=\"container\">\n\t\t\t\t\t<div class=\"e-con-inner\">\n\t\t\t\t<div class=\"elementor-element elementor-element-fdbe578 elementor-widget__width-initial elementor-widget elementor-widget-image\" data-id=\"fdbe578\" data-element_type=\"widget\" data-widget_type=\"image.default\">\n\t\t\t\t\t\t\t\t\t\t\t\t\t\t\t\t<a href=\"http:\/\/everythingandbeyondva.com\/wp-content\/uploads\/2026\/01\/moi.png\" data-elementor-open-lightbox=\"yes\" data-elementor-lightbox-title=\"moi\" data-e-action-hash=\"#elementor-action%3Aaction%3Dlightbox%26settings%3DeyJpZCI6NDU1LCJ1cmwiOiJodHRwczpcL1wvZXZlcnl0aGluZ2FuZGJleW9uZHZhLmNvbVwvd3AtY29udGVudFwvdXBsb2Fkc1wvMjAyNlwvMDFcL21vaS5wbmcifQ%3D%3D\">\n\t\t\t\t\t\t\t<img fetchpriority=\"high\" decoding=\"async\" width=\"739\" height=\"1024\" src=\"https:\/\/everythingandbeyondva.com\/wp-content\/uploads\/2026\/01\/moi-739x1024.png\" class=\"attachment-large size-large wp-image-455\" alt=\"\" srcset=\"https:\/\/everythingandbeyondva.com\/wp-content\/uploads\/2026\/01\/moi-739x1024.png 739w, https:\/\/everythingandbeyondva.com\/wp-content\/uploads\/2026\/01\/moi-216x300.png 216w, https:\/\/everythingandbeyondva.com\/wp-content\/uploads\/2026\/01\/moi-768x1064.png 768w, https:\/\/everythingandbeyondva.com\/wp-content\/uploads\/2026\/01\/moi.png 832w\" sizes=\"(max-width: 739px) 100vw, 739px\" \/>\t\t\t\t\t\t\t\t<\/a>\n\t\t\t\t\t\t\t\t\t\t\t\t\t\t\t<\/div>\n\t\t<div class=\"elementor-element elementor-element-8b1c448 e-con-full e-flex e-con e-child\" data-id=\"8b1c448\" data-element_type=\"container\">\n\t\t\t\t<div class=\"elementor-element elementor-element-806b0fe elementor-widget elementor-widget-text-editor\" data-id=\"806b0fe\" data-element_type=\"widget\" data-widget_type=\"text-editor.default\">\n\t\t\t\t\t\t\t\t\t<p data-path-to-node=\"2\">&#8220;<strong>I am Nolwenn, a virtual assistant dedicated to helping entrepreneurs regain control of their time.<\/strong><\/p><p data-path-to-node=\"3\">With years of experience in administrative support, I have assisted professionals in organizing their workflow, managing administration, and monitoring their projects. I have always loved being that trusted partner who simplifies things behind the scenes, ensuring everything runs smoothly and stress-free.<\/p><p data-path-to-node=\"4\">I chose to become a virtual assistant to combine my organizational skills with a desire to support passionate entrepreneurs, all while working in a flexible and modern way.<\/p><p data-path-to-node=\"5\">My goal is simple: to provide you with reliable, organized, and caring support, so you can focus on what truly matters in your business.&#8221;<\/p>\t\t\t\t\t\t\t\t<\/div>\n\t\t\t\t<\/div>\n\t\t\t\t\t<\/div>\n\t\t\t\t<\/div>\n\t\t<div class=\"elementor-element elementor-element-bdc9f74 e-flex e-con-boxed e-con e-parent\" data-id=\"bdc9f74\" data-element_type=\"container\">\n\t\t\t\t\t<div class=\"e-con-inner\">\n\t\t\t\t<div class=\"elementor-element elementor-element-41da82d elementor-widget elementor-widget-text-editor\" data-id=\"41da82d\" data-element_type=\"widget\" data-widget_type=\"text-editor.default\">\n\t\t\t\t\t\t\t\t\t<style>\n    \/* Import de la police si n\u00e9cessaire *\/\n    @import url('https:\/\/fonts.googleapis.com\/css2?family=Playfair+Display:wght@400&display=swap');\n\n    .section-header-support {\n        text-align: center;\n        padding: 10px 20px;\n        background-color: transparent;\n    }\n\n    .support-title-wrapper {\n        display: flex;\n        align-items: center;\n        justify-content: center;\n    }\n\n    .support-gold-line {\n        width: 80px;\n        height: 1px;\n        background-color: #C9A227;\n    }\n\n    .support-main-title {\n        font-family: 'Playfair Display', serif;\n        font-size: 28px;\n        font-weight: 400;\n        margin: 0 20px;\n        color: #333333;\n        letter-spacing: 1px;\n    }\n\n    \/* Ajustement mobile *\/\n    @media (max-width: 768px) {\n        .support-gold-line { width: 30px; }\n        .support-main-title { font-size: 22px; margin: 0 10px; }\n    }\n<\/style>\n\n<div class=\"section-header-support\">\n    <div class=\"support-title-wrapper\">\n        <div class=\"support-gold-line\"><\/div>\n        <h2 class=\"support-main-title\">My Role<\/h2>\n        <div class=\"support-gold-line\"><\/div>\n    <\/div>\n<\/div>\t\t\t\t\t\t\t\t<\/div>\n\t\t\t\t<div class=\"elementor-element elementor-element-1213a9d elementor-widget elementor-widget-text-editor\" data-id=\"1213a9d\" data-element_type=\"widget\" data-widget_type=\"text-editor.default\">\n\t\t\t\t\t\t\t\t\t<p>Mon r\u00f4le est de prendre en charge les t\u00e2ches administratives chronophages pour vous permettre de vous concentrer sur votre c\u0153ur de m\u00e9tier, tout en assurant rigueur, confidentialit\u00e9 et fiabilit\u00e9.<\/p>\t\t\t\t\t\t\t\t<\/div>\n\t\t\t\t\t<\/div>\n\t\t\t\t<\/div>\n\t\t<div class=\"elementor-element elementor-element-1ddec81 e-flex e-con-boxed e-con e-parent\" data-id=\"1ddec81\" data-element_type=\"container\">\n\t\t\t\t\t<div class=\"e-con-inner\">\n\t\t\t\t<div class=\"elementor-element elementor-element-b1ec8c5 elementor-widget elementor-widget-text-editor\" data-id=\"b1ec8c5\" data-element_type=\"widget\" data-widget_type=\"text-editor.default\">\n\t\t\t\t\t\t\t\t\t<style>\n    \/* Import de la police si n\u00e9cessaire *\/\n    @import url('https:\/\/fonts.googleapis.com\/css2?family=Playfair+Display:wght@400&display=swap');\n\n    .section-header-support {\n        text-align: center;\n        padding: 10px 20px;\n        background-color: transparent;\n    }\n\n    .support-title-wrapper {\n        display: flex;\n        align-items: center;\n        justify-content: center;\n    }\n\n    .support-gold-line {\n        width: 80px;\n        height: 1px;\n        background-color: #C9A227;\n    }\n\n    .support-main-title {\n        font-family: 'Playfair Display', serif;\n        font-size: 28px;\n        font-weight: 400;\n        margin: 0 20px;\n        color: #333333;\n        letter-spacing: 1px;\n    }\n\n    \/* Ajustement mobile *\/\n    @media (max-width: 768px) {\n        .support-gold-line { width: 30px; }\n        .support-main-title { font-size: 22px; margin: 0 10px; }\n    }\n<\/style>\n\n<div class=\"section-header-support\">\n    <div class=\"support-title-wrapper\">\n        <div class=\"support-gold-line\"><\/div>\n        <h2 class=\"support-main-title\">How I work<\/h2>\n        <div class=\"support-gold-line\"><\/div>\n    <\/div>\n<\/div>\t\t\t\t\t\t\t\t<\/div>\n\t\t\t\t<div class=\"elementor-element elementor-element-347bda4 elementor-widget elementor-widget-text-editor\" data-id=\"347bda4\" data-element_type=\"widget\" data-widget_type=\"text-editor.default\">\n\t\t\t\t\t\t\t\t\t<link href=\"https:\/\/fonts.googleapis.com\/css2?family=Lato:wght@300;400&#038;display=swap\" rel=\"stylesheet\">\n\n<style>\n    .commitments-section {\n        max-width: 800px;\n        margin: 20px auto;\n        padding: 20px;\n        font-family: 'Lato', sans-serif;\n        display: block !important;\n    }\n\n    .commitments-list {\n        display: flex;\n        flex-direction: column; \/* Liste verticale *\/\n        gap: 15px;\n        list-style: none;\n        padding: 0;\n        margin: 0;\n    }\n\n    .commitment-item {\n        display: flex;\n        align-items: center;\n        font-size: 16px;\n        font-weight: 400;\n        color: #444444;\n        text-align: left;\n    }\n\n    \/* Ic\u00f4ne check dor\u00e9e SVG *\/\n    .commitment-item svg {\n        width: 20px;\n        height: 20px;\n        margin-right: 15px;\n        fill: #C9A227;\n        flex-shrink: 0;\n    }\n\n    \/* Responsive mobile *\/\n    @media (max-width: 600px) {\n        .commitment-item {\n            font-size: 15px;\n        }\n    }\n<\/style>\n\n<div class=\"commitments-section\">\n    <ul class=\"commitments-list\">\n        <li class=\"commitment-item\">\n            <svg viewBox=\"0 0 24 24\"><path d=\"M9 16.17L4.83 12l-1.42 1.41L9 19 21 7l-1.41-1.41z\"\/><\/svg>\n            Remote, flexible and organized work\n        <\/li>\n        <li class=\"commitment-item\">\n            <svg viewBox=\"0 0 24 24\"><path d=\"M9 16.17L4.83 12l-1.42 1.41L9 19 21 7l-1.41-1.41z\"\/><\/svg>\n            Clear and written communication\n        <\/li>\n        <li class=\"commitment-item\">\n            <svg viewBox=\"0 0 24 24\"><path d=\"M9 16.17L4.83 12l-1.42 1.41L9 19 21 7l-1.41-1.41z\"\/><\/svg>\n            Strict respect for confidentiality\n        <\/li>\n        <li class=\"commitment-item\">\n            <svg viewBox=\"0 0 24 24\"><path d=\"M9 16.17L4.83 12l-1.42 1.41L9 19 21 7l-1.41-1.41z\"\/><\/svg>\n            Simple and efficient processes\n        <\/li>\n        <li class=\"commitment-item\">\n            <svg viewBox=\"0 0 24 24\"><path d=\"M9 16.17L4.83 12l-1.42 1.41L9 19 21 7l-1.41-1.41z\"\/><\/svg>\n            Trust-based collaboration\n        <\/li>\n    <\/ul>\n<\/div>\t\t\t\t\t\t\t\t<\/div>\n\t\t\t\t\t<\/div>\n\t\t\t\t<\/div>\n\t\t<div class=\"elementor-element elementor-element-16ac2ae e-flex e-con-boxed e-con e-parent\" data-id=\"16ac2ae\" data-element_type=\"container\" data-settings=\"{&quot;background_background&quot;:&quot;classic&quot;}\">\n\t\t\t\t\t<div class=\"e-con-inner\">\n\t\t\t\t<div class=\"elementor-element elementor-element-cdc6699 elementor-widget elementor-widget-text-editor\" data-id=\"cdc6699\" data-element_type=\"widget\" data-widget_type=\"text-editor.default\">\n\t\t\t\t\t\t\t\t\t<style>\n    \/* Import de la police si n\u00e9cessaire *\/\n    @import url('https:\/\/fonts.googleapis.com\/css2?family=Playfair+Display:wght@400&display=swap');\n\n    .section-header-support {\n        text-align: center;\n        padding: 10px 20px;\n        background-color: transparent;\n    }\n\n    .support-title-wrapper {\n        display: flex;\n        align-items: center;\n        justify-content: center;\n    }\n\n    .support-gold-line {\n        width: 80px;\n        height: 1px;\n        background-color: #C9A227;\n    }\n\n    .support-main-title {\n        font-family: 'Playfair Display', serif;\n        font-size: 28px;\n        font-weight: 400;\n        margin: 0 20px;\n        color: #333333;\n        letter-spacing: 1px;\n    }\n\n    \/* Ajustement mobile *\/\n    @media (max-width: 768px) {\n        .support-gold-line { width: 30px; }\n        .support-main-title { font-size: 22px; margin: 0 10px; }\n    }\n<\/style>\n\n<div class=\"section-header-support\">\n    <div class=\"support-title-wrapper\">\n        <div class=\"support-gold-line\"><\/div>\n        <h2 class=\"support-main-title\">Want to know more ?<\/h2>\n        <div class=\"support-gold-line\"><\/div>\n    <\/div>\n<\/div>\t\t\t\t\t\t\t\t<\/div>\n\t\t\t\t<div class=\"elementor-element elementor-element-183e750 elementor-align-center elementor-widget elementor-widget-button\" data-id=\"183e750\" data-element_type=\"widget\" data-widget_type=\"button.default\">\n\t\t\t\t\t\t\t\t\t\t<a class=\"elementor-button elementor-button-link elementor-size-sm\" href=\"https:\/\/everythingandbeyondva.com\/index.php\/en\/contact-3\/\">\n\t\t\t\t\t\t<span class=\"elementor-button-content-wrapper\">\n\t\t\t\t\t\t\t\t\t<span class=\"elementor-button-text\">Contact Me<\/span>\n\t\t\t\t\t<\/span>\n\t\t\t\t\t<\/a>\n\t\t\t\t\t\t\t\t<\/div>\n\t\t\t\t\t<\/div>\n\t\t\t\t<\/div>\n\t\t\t\t<\/div>\n\t\t","protected":false},"excerpt":{"rendered":"<p>Home About me Services Packages &amp; rates Contact FR X &#8220;I am Nolwenn, a virtual assistant dedicated to helping entrepreneurs regain control of their time. With years of experience in administrative support, I have assisted professionals in organizing their workflow, managing administration, and monitoring their projects. I have always loved being that trusted partner who [&hellip;]<\/p>\n","protected":false},"author":1,"featured_media":0,"parent":0,"menu_order":0,"comment_status":"closed","ping_status":"closed","template":"","meta":{"footnotes":""},"class_list":["post-238","page","type-page","status-publish","hentry"],"_links":{"self":[{"href":"https:\/\/everythingandbeyondva.com\/index.php\/wp-json\/wp\/v2\/pages\/238","targetHints":{"allow":["GET"]}}],"collection":[{"href":"https:\/\/everythingandbeyondva.com\/index.php\/wp-json\/wp\/v2\/pages"}],"about":[{"href":"https:\/\/everythingandbeyondva.com\/index.php\/wp-json\/wp\/v2\/types\/page"}],"author":[{"embeddable":true,"href":"https:\/\/everythingandbeyondva.com\/index.php\/wp-json\/wp\/v2\/users\/1"}],"replies":[{"embeddable":true,"href":"https:\/\/everythingandbeyondva.com\/index.php\/wp-json\/wp\/v2\/comments?post=238"}],"version-history":[{"count":37,"href":"https:\/\/everythingandbeyondva.com\/index.php\/wp-json\/wp\/v2\/pages\/238\/revisions"}],"predecessor-version":[{"id":744,"href":"https:\/\/everythingandbeyondva.com\/index.php\/wp-json\/wp\/v2\/pages\/238\/revisions\/744"}],"wp:attachment":[{"href":"https:\/\/everythingandbeyondva.com\/index.php\/wp-json\/wp\/v2\/media?parent=238"}],"curies":[{"name":"wp","href":"https:\/\/api.w.org\/{rel}","templated":true}]}}